{"id":10,"date":"2023-11-30T12:47:29","date_gmt":"2023-11-30T12:47:29","guid":{"rendered":"https:\/\/vonallmenberatung.ch\/?page_id=10"},"modified":"2024-01-16T15:23:43","modified_gmt":"2024-01-16T14:23:43","slug":"home","status":"publish","type":"page","link":"https:\/\/vonallmenberatung.ch\/","title":{"rendered":"Home"},"content":{"rendered":"\t\t<div data-elementor-type=\"wp-page\" data-elementor-id=\"10\" class=\"elementor elementor-10\">\n\t\t\t\t<div class=\"elementor-element elementor-element-bea3fff e-con-full e-flex e-con e-parent\" data-id=\"bea3fff\" data-element_type=\"container\" data-e-type=\"container\" data-settings=\"{&quot;background_background&quot;:&quot;classic&quot;}\">\n\t\t\t\t<div class=\"elementor-element elementor-element-4a7ba4d animated-fast elementor-invisible elementor-widget elementor-widget-heading\" data-id=\"4a7ba4d\" data-element_type=\"widget\" data-e-type=\"widget\" data-settings=\"{&quot;_animation&quot;:&quot;fadeIn&quot;}\" data-widget_type=\"heading.default\">\n\t\t\t\t<div class=\"elementor-widget-container\">\n\t\t\t\t\t<h3 class=\"elementor-heading-title elementor-size-default\">Steuerliche Klarheit und finanzielle Exzellenz<br>Ihr Weg zu nachhaltigem Erfolg.<\/h3>\t\t\t\t<\/div>\n\t\t\t\t<\/div>\n\t\t\t\t<\/div>\n\t\t<div class=\"elementor-element elementor-element-7ef74fa e-con-full e-flex e-con e-parent\" data-id=\"7ef74fa\" data-element_type=\"container\" data-e-type=\"container\">\n\t\t\t\t<div class=\"elementor-element elementor-element-0b6b15b elementor-widget elementor-widget-text-editor\" data-id=\"0b6b15b\" data-element_type=\"widget\" data-e-type=\"widget\" data-widget_type=\"text-editor.default\">\n\t\t\t\t<div class=\"elementor-widget-container\">\n\t\t\t\t\t\t\t\t\t<p><strong>Willkommen bei von Allmen Steuer- und Wirtschaftsberatung<\/strong><\/p><p>Ihre verl\u00e4ssliche Partnerin f\u00fcr umfassende Steuer- und Wirtschaftsberatung sowie professionelle Buchf\u00fchrung \u2013 ma\u00dfgeschneidert f\u00fcr Kleinbetriebe, KMU\u2019s und Privatpersonen.<\/p><p>Unsere Dienstleistungen sind darauf ausgerichtet, Ihnen eine individuelle Unterst\u00fctzung in allen steuerlichen und wirtschaftlichen Belangen zu bieten. Ob Sie Inhaber eines Kleinbetriebs, Gesch\u00e4ftsf\u00fchrer eines mittelst\u00e4ndischen Unternehmens oder eine Privatperson sind \u2013 bei uns finden Sie die Expertise und das Engagement, um Ihre Bed\u00fcrfnisse erfolgreich zu erf\u00fcllen.<\/p><p><strong>Unsere Leistungen im \u00dcberblick:<\/strong><\/p><ul><li><p><strong>Steuer- und Wirtschaftsberatung:<\/strong> Mit fundiertem Fachwissen optimieren wir Ihre steuerlichen Angelegenheiten und bieten Ihnen strategische Einblicke in die Welt der Wirtschaft.<\/p><\/li><li><p><strong>Buchf\u00fchrung:<\/strong> Vertrauen Sie uns Ihre Buchf\u00fchrung an, damit Sie sich auf Ihr Kerngesch\u00e4ft konzentrieren k\u00f6nnen. Wir garantieren, dass Ihre Finanzunterlagen stets akkurat und geordnet sind.<\/p><\/li><li><p><strong>Ma\u00dfgeschneiderte L\u00f6sungen:<\/strong> Jeder Kunde ist einzigartig. Daher entwickeln wir individuelle L\u00f6sungen, die exakt auf Ihre spezifischen Anforderungen zugeschnitten sind.<\/p><\/li><\/ul><p><br \/>Entdecken Sie, wie von Allmen Steuer- und Wirtschaftsberatung Ihnen dabei helfen kann, Ihre finanziellen Ziele zu erreichen. Kontaktieren Sie uns noch heute f\u00fcr ein unverbindliches Gespr\u00e4ch.<\/p><p>Ihre Zufriedenheit ist unser Erfolg \u2013 gemeinsam gestalten wir eine erfolgreiche finanzielle Zukunft!<\/p>\t\t\t\t\t\t\t\t<\/div>\n\t\t\t\t<\/div>\n\t\t\t\t<\/div>\n\t\t\t\t<\/div>\n\t\t","protected":false},"excerpt":{"rendered":"<p>Steuerliche Klarheit und finanzielle ExzellenzIhr Weg zu nachhaltigem Erfolg. Willkommen bei von Allmen Steuer- und [&hellip;]<\/p>\n","protected":false},"author":1,"featured_media":0,"parent":0,"menu_order":1,"comment_status":"closed","ping_status":"closed","template":"","meta":{"footnotes":""},"class_list":["post-10","page","type-page","status-publish","hentry"],"_links":{"self":[{"href":"https:\/\/vonallmenberatung.ch\/index.php?rest_route=\/wp\/v2\/pages\/10","targetHints":{"allow":["GET"]}}],"collection":[{"href":"https:\/\/vonallmenberatung.ch\/index.php?rest_route=\/wp\/v2\/pages"}],"about":[{"href":"https:\/\/vonallmenberatung.ch\/index.php?rest_route=\/wp\/v2\/types\/page"}],"author":[{"embeddable":true,"href":"https:\/\/vonallmenberatung.ch\/index.php?rest_route=\/wp\/v2\/users\/1"}],"replies":[{"embeddable":true,"href":"https:\/\/vonallmenberatung.ch\/index.php?rest_route=%2Fwp%2Fv2%2Fcomments&post=10"}],"version-history":[{"count":31,"href":"https:\/\/vonallmenberatung.ch\/index.php?rest_route=\/wp\/v2\/pages\/10\/revisions"}],"predecessor-version":[{"id":194,"href":"https:\/\/vonallmenberatung.ch\/index.php?rest_route=\/wp\/v2\/pages\/10\/revisions\/194"}],"wp:attachment":[{"href":"https:\/\/vonallmenberatung.ch\/index.php?rest_route=%2Fwp%2Fv2%2Fmedia&parent=10"}],"curies":[{"name":"wp","href":"https:\/\/api.w.org\/{rel}","templated":true}]}}